{"id":6210,"date":"2022-02-15T17:50:55","date_gmt":"2022-02-15T16:50:55","guid":{"rendered":"https:\/\/www.teesign77.de\/teeladen\/?post_type=product&#038;p=6210"},"modified":"2026-02-08T11:54:36","modified_gmt":"2026-02-08T10:54:36","slug":"gelbtee","status":"publish","type":"product","link":"https:\/\/www.teesign77.de\/teeladen\/produkt\/gelbtee\/","title":{"rendered":"Yellow Dragen gelber Tee 50 g &#8211; 100 g"},"content":{"rendered":"<div style=\"color: #992200;\">\n<h1>Yellow <span id=\"result_box\" class=\"short_text\" lang=\"en\"><span class=\"\">Dragon\u00a0<\/span><\/span><\/h1>\n<p>Der vollmundige Geschmack des Yellow Dragon ist ein perfekte Kombination aus den schokoladigen, leicht blumigen Noten eines wei\u00dfen Tees und der sanften, brotigen Note eines Oolongs verbunden mit der feinen, intensiven Note eines schwarzen Yunnan-Tees.<\/p>\n<p><a href=\"http:\/\/teesign77.de\/teesorten.php\">Teesorte: gelber Tee<\/a><\/p>\n<p><a href=\"http:\/\/teesign77.de\/tee-plantagen.php\">Herkunft: China Region Yunnan<\/a><\/p>\n<p>Zubereitung: Gie\u00dfen Sie 1-2 geh\u00e4ufte Teel\u00f6ffel mit ca.250 ml 80-85\u00b0C hei\u00dfem Wasser auf und lassen Sie den Tee 3-5 min. ziehen.<\/p>\n<p>&nbsp;<\/p>\n<\/div>\n","protected":false},"excerpt":{"rendered":"<p>Yellow Dragon\u00a0 Der vollmundige Geschmack des Yellow Dragon ist ein perfekte Kombination aus den schokoladigen, leicht blumigen Noten eines wei\u00dfen Tees und der sanften, brotigen Note eines Oolongs verbunden mit der feinen, intensiven Note eines schwarzen Yunnan-Tees. Teesorte: gelber Tee Herkunft: China Region Yunnan Zubereitung: Gie\u00dfen Sie 1-2 geh\u00e4ufte Teel\u00f6ffel mit ca.250 ml 80-85\u00b0C hei\u00dfem [&hellip;]<\/p>\n","protected":false},"featured_media":6244,"comment_status":"open","ping_status":"closed","template":"","meta":[],"product_brand":[],"product_cat":[31],"product_tag":[496,495,497,494],"class_list":{"0":"post-6210","1":"product","2":"type-product","3":"status-publish","4":"has-post-thumbnail","6":"product_cat-weiss-tee","7":"product_tag-gelber-tee","8":"product_tag-gelbtee","9":"product_tag-yellow-dragon","10":"product_tag-yellow-tea","11":"product_shipping_class-teezubehoer","13":"first","14":"instock","15":"taxable","16":"shipping-taxable","17":"purchasable","18":"product-type-variable"},"_links":{"self":[{"href":"https:\/\/www.teesign77.de\/teeladen\/wp-json\/wp\/v2\/product\/6210","targetHints":{"allow":["GET"]}}],"collection":[{"href":"https:\/\/www.teesign77.de\/teeladen\/wp-json\/wp\/v2\/product"}],"about":[{"href":"https:\/\/www.teesign77.de\/teeladen\/wp-json\/wp\/v2\/types\/product"}],"replies":[{"embeddable":true,"href":"https:\/\/www.teesign77.de\/teeladen\/wp-json\/wp\/v2\/comments?post=6210"}],"wp:featuredmedia":[{"embeddable":true,"href":"https:\/\/www.teesign77.de\/teeladen\/wp-json\/wp\/v2\/media\/6244"}],"wp:attachment":[{"href":"https:\/\/www.teesign77.de\/teeladen\/wp-json\/wp\/v2\/media?parent=6210"}],"wp:term":[{"taxonomy":"product_brand","embeddable":true,"href":"https:\/\/www.teesign77.de\/teeladen\/wp-json\/wp\/v2\/product_brand?post=6210"},{"taxonomy":"product_cat","embeddable":true,"href":"https:\/\/www.teesign77.de\/teeladen\/wp-json\/wp\/v2\/product_cat?post=6210"},{"taxonomy":"product_tag","embeddable":true,"href":"https:\/\/www.teesign77.de\/teeladen\/wp-json\/wp\/v2\/product_tag?post=6210"}],"curies":[{"name":"wp","href":"https:\/\/api.w.org\/{rel}","templated":true}]}}