{"id":6226,"date":"2022-02-15T18:13:43","date_gmt":"2022-02-15T17:13:43","guid":{"rendered":"https:\/\/www.teesign77.de\/teeladen\/?post_type=product&#038;p=6226"},"modified":"2026-02-08T11:46:19","modified_gmt":"2026-02-08T10:46:19","slug":"jade-schnecke-gruentee","status":"publish","type":"product","link":"https:\/\/www.teesign77.de\/teeladen\/produkt\/jade-schnecke-gruentee\/","title":{"rendered":"Jade Schnecke Gr\u00fcner Tee 50 g -100 g"},"content":{"rendered":"<div style=\"color: #992200;\">\n<h1>Jade Schnecke<\/h1>\n<p>Der Tee hat ein zur Schnecke geformtes Blatt welches vorsichtig mit der Hand gerollt wurde. Nach dem Aufgu\u00df sind die ganzen Bl\u00e4tter wieder voll entfaltet. In der Tasse leuchtet der Jade Schnecke kr\u00e4ftig und hell, der Duft ist angenehm s\u00fc\u00df und mild. Der Geschmack ist fruchtig, mit einer feinen S\u00fc\u00dfe ohne jedoch Kraft und Tiefe vermissen zu lassen.<\/p>\n<p><a href=\"http:\/\/teesign77.de\/teesorten.php\">Teesorte: Gr\u00fcntee<\/a><\/p>\n<p><a href=\"http:\/\/teesign77.de\/tee-plantagen.php\">Herkunft: China Jiang Xi<\/a><\/p>\n<p>Zubereitung: Gie\u00dfen Sie 1-2 geh\u00e4ufte Teel\u00f6ffel mit ca.250 ml 80-85\u00b0C hei\u00dfem Wasser auf und lassen Sie den Tee 3-5 min. ziehen.<\/p>\n<p>&nbsp;<\/p>\n<\/div>\n<p>&nbsp;<\/p>\n","protected":false},"excerpt":{"rendered":"<p>Jade Schnecke Der Tee hat ein zur Schnecke geformtes Blatt welches vorsichtig mit der Hand gerollt wurde. Nach dem Aufgu\u00df sind die ganzen Bl\u00e4tter wieder voll entfaltet. In der Tasse leuchtet der Jade Schnecke kr\u00e4ftig und hell, der Duft ist angenehm s\u00fc\u00df und mild. Der Geschmack ist fruchtig, mit einer feinen S\u00fc\u00dfe ohne jedoch Kraft [&hellip;]<\/p>\n","protected":false},"featured_media":6253,"comment_status":"open","ping_status":"closed","template":"","meta":[],"product_brand":[],"product_cat":[32,391],"product_tag":[59,56,500],"class_list":{"0":"post-6226","1":"product","2":"type-product","3":"status-publish","4":"has-post-thumbnail","6":"product_cat-gruen-tee","7":"product_cat-neuer-tee","8":"product_tag-green-tea","9":"product_tag-gruener-tee","10":"product_tag-jade-schnecke","11":"product_shipping_class-teezubehoer","13":"first","14":"instock","15":"taxable","16":"shipping-taxable","17":"purchasable","18":"product-type-variable","19":"has-default-attributes"},"_links":{"self":[{"href":"https:\/\/www.teesign77.de\/teeladen\/wp-json\/wp\/v2\/product\/6226","targetHints":{"allow":["GET"]}}],"collection":[{"href":"https:\/\/www.teesign77.de\/teeladen\/wp-json\/wp\/v2\/product"}],"about":[{"href":"https:\/\/www.teesign77.de\/teeladen\/wp-json\/wp\/v2\/types\/product"}],"replies":[{"embeddable":true,"href":"https:\/\/www.teesign77.de\/teeladen\/wp-json\/wp\/v2\/comments?post=6226"}],"wp:featuredmedia":[{"embeddable":true,"href":"https:\/\/www.teesign77.de\/teeladen\/wp-json\/wp\/v2\/media\/6253"}],"wp:attachment":[{"href":"https:\/\/www.teesign77.de\/teeladen\/wp-json\/wp\/v2\/media?parent=6226"}],"wp:term":[{"taxonomy":"product_brand","embeddable":true,"href":"https:\/\/www.teesign77.de\/teeladen\/wp-json\/wp\/v2\/product_brand?post=6226"},{"taxonomy":"product_cat","embeddable":true,"href":"https:\/\/www.teesign77.de\/teeladen\/wp-json\/wp\/v2\/product_cat?post=6226"},{"taxonomy":"product_tag","embeddable":true,"href":"https:\/\/www.teesign77.de\/teeladen\/wp-json\/wp\/v2\/product_tag?post=6226"}],"curies":[{"name":"wp","href":"https:\/\/api.w.org\/{rel}","templated":true}]}}