{"id":6282,"date":"2022-02-15T21:38:08","date_gmt":"2022-02-15T20:38:08","guid":{"rendered":"https:\/\/www.teesign77.de\/teeladen\/?post_type=product&#038;p=6282"},"modified":"2026-02-08T11:49:13","modified_gmt":"2026-02-08T10:49:13","slug":"lung-ching-gruentee","status":"publish","type":"product","link":"https:\/\/www.teesign77.de\/teeladen\/produkt\/lung-ching-gruentee\/","title":{"rendered":"Lung Ching Gr\u00fcner Tee 50 g &#8211; 100 g"},"content":{"rendered":"<div style=\"color: #992200;\">\n<h1>Lung Ching<\/h1>\n<p>ein sehr eleganter Tee mit tiefgr\u00fcnem Blatt aus Zhejiang, der sich f\u00fcr unterschiedlichene wasswequalit\u00e4ten hervorragend einget<\/p>\n<p><a href=\"http:\/\/teesign77.de\/teesorten.php\">Teesorte: Gr\u00fcntee<\/a><\/p>\n<p><a href=\"http:\/\/teesign77.de\/tee-plantagen.php\">Herkunft: China Hang Zhou<\/a><\/p>\n<p>Zubereitung: Gie\u00dfen Sie 1-2 geh\u00e4ufte Teel\u00f6ffel mit ca.250 ml 80-85\u00b0C hei\u00dfem Wasser auf und lassen Sie den Tee 3-5 min. ziehen.<\/p>\n<p>&nbsp;<\/p>\n<\/div>\n<p>&nbsp;<\/p>\n","protected":false},"excerpt":{"rendered":"<p>Lung Ching ein sehr eleganter Tee mit tiefgr\u00fcnem Blatt aus Zhejiang, der sich f\u00fcr unterschiedlichene wasswequalit\u00e4ten hervorragend einget Teesorte: Gr\u00fcntee Herkunft: China Hang Zhou Zubereitung: Gie\u00dfen Sie 1-2 geh\u00e4ufte Teel\u00f6ffel mit ca.250 ml 80-85\u00b0C hei\u00dfem Wasser auf und lassen Sie den Tee 3-5 min. ziehen. &nbsp; &nbsp;<\/p>\n","protected":false},"featured_media":6275,"comment_status":"open","ping_status":"closed","template":"","meta":[],"product_brand":[],"product_cat":[32,391],"product_tag":[59,56,500],"class_list":{"0":"post-6282","1":"product","2":"type-product","3":"status-publish","4":"has-post-thumbnail","6":"product_cat-gruen-tee","7":"product_cat-neuer-tee","8":"product_tag-green-tea","9":"product_tag-gruener-tee","10":"product_tag-jade-schnecke","11":"product_shipping_class-teezubehoer","13":"first","14":"instock","15":"taxable","16":"shipping-taxable","17":"purchasable","18":"product-type-variable","19":"has-default-attributes"},"_links":{"self":[{"href":"https:\/\/www.teesign77.de\/teeladen\/wp-json\/wp\/v2\/product\/6282","targetHints":{"allow":["GET"]}}],"collection":[{"href":"https:\/\/www.teesign77.de\/teeladen\/wp-json\/wp\/v2\/product"}],"about":[{"href":"https:\/\/www.teesign77.de\/teeladen\/wp-json\/wp\/v2\/types\/product"}],"replies":[{"embeddable":true,"href":"https:\/\/www.teesign77.de\/teeladen\/wp-json\/wp\/v2\/comments?post=6282"}],"wp:featuredmedia":[{"embeddable":true,"href":"https:\/\/www.teesign77.de\/teeladen\/wp-json\/wp\/v2\/media\/6275"}],"wp:attachment":[{"href":"https:\/\/www.teesign77.de\/teeladen\/wp-json\/wp\/v2\/media?parent=6282"}],"wp:term":[{"taxonomy":"product_brand","embeddable":true,"href":"https:\/\/www.teesign77.de\/teeladen\/wp-json\/wp\/v2\/product_brand?post=6282"},{"taxonomy":"product_cat","embeddable":true,"href":"https:\/\/www.teesign77.de\/teeladen\/wp-json\/wp\/v2\/product_cat?post=6282"},{"taxonomy":"product_tag","embeddable":true,"href":"https:\/\/www.teesign77.de\/teeladen\/wp-json\/wp\/v2\/product_tag?post=6282"}],"curies":[{"name":"wp","href":"https:\/\/api.w.org\/{rel}","templated":true}]}}