{"id":6446,"date":"2022-03-16T16:11:20","date_gmt":"2022-03-16T15:11:20","guid":{"rendered":"https:\/\/www.teesign77.de\/teeladen\/?post_type=product&#038;p=6446"},"modified":"2022-03-16T16:16:39","modified_gmt":"2022-03-16T15:16:39","slug":"kalligrafie_1","status":"publish","type":"product","link":"https:\/\/www.teesign77.de\/teeladen\/produkt\/kalligrafie_1\/","title":{"rendered":"Chinas l\u00e4ngstes Gedicht japanische chinesische Kalligrafie Heim Haus B\u00fcro Deko Wand Kunst"},"content":{"rendered":"<p>Chinas l\u00e4ngstes Gedicht japanische chinesische Kalligrafie Heim Haus B\u00fcro Deko Wand Kunst<\/p>\n<p>Bildgr\u00f6\u00dfe: 68 x 45 cm<br \/>\nTechnik: Tusche Kalligrafie<br \/>\nFarbe: Schwarz<br \/>\nhandgemaltes Unikat<br \/>\nK\u00fcnstlerstempl und Unterschrift<br \/>\nHandgemaltes Original<br \/>\nUnikat dirkt vom K\u00fcnstler Tailai Zhang<\/p>\n<p>Lange Gedicht\u00fcbersetzung<br \/>\nDer 500-Liter-Dianchi eilt in Sichtweite und ich bin so erheitert, dass ich meinen Mantel und meinen Kopfschmuck aufkn\u00f6pfen und das unermesslich dehnende Wasser genie\u00dfen kann! Schau around\uff1amountain Jinma wie ein galoppierendes Pferd im Osten, der Berg Biji wie ein fliegender Ph\u00f6nix im west\uff0c Berg Hongshan, der sich wie ein Drache im Norden auf und ab rollt und der Bergkran, der von den vor\u00fcbergehenden wei\u00dfen Wolken im S\u00fcden umh\u00fcllt ist. Aufstieg in die H\u00f6he Ihre Majest\u00e4t kann einen fernen Blick auf die aus Krebs- und Schneckenh\u00e4usern bestehenden Inseln und die weitl\u00e4ufigen Weiden\u00e4ste in der nebligen Brise genie\u00dfen, endlose S\u00fcmpfe, die mit Unkraut und Schilf bedeckt sind und mit ein paar gr\u00fcn gefiederten V\u00f6geln, die unter den rosigen Wolken des Himmels sitzen. Ich h\u00e4tte es sehr bedauert, wenn ich nicht die duftenden Reisfelder und langen Sandstr\u00e4nde ringsum gesehen h\u00e4tte, Lotusbl\u00fcten in voller Bl\u00fcte im Sommer und h\u00e4ngende Weiden\u00e4ste, die im Fr\u00fchjahr mit neuen Sprossen begr\u00fcnt wurden.<\/p>\n<p>&nbsp;<\/p>\n<p>&nbsp;<\/p>\n<p>chinese Japanese calligraphy Poetry office home Haus decor wall art A<\/p>\n<p>Picture size: 65 x 45 cm<br \/>\nTechnique: Ink calligraphy<br \/>\nColor: black<br \/>\nHand-painted unique<br \/>\nArtist&#8217;s stamp and signature<br \/>\nHand painted original<br \/>\nUnikat direct from the artist\u00b4s Tailai Zhang<\/p>\n<p>Poetry translation<\/p>\n<p>The 500-li Dianchi is rushing into sight and so exhilarated am I to unbutton my coat and headdress, enjoying the vast-stretching waters! Look around\uff1amountain Jinma like a galloping horse in the east, mountain Biji resembling a flying phoenix in the west\uff0c mountain Hongshan rolling up and down like a dragon in the north and mountain Crane shrouded in the transient white clouds in the south. Ascending the height Your Majesty can enjoy a distant view of the isles made up of crab and snail shells and the sweeping willow branches in the misty breezes, endless marshes covered with weeds and reeds and with a few green-feathered birds perching,all underneath the sky&#8217;s rosy clouds. I would have felt very much regretted if I hadn&#8217;t seen the fragrant rice paddies and long sandy beaches all around, lotus flowers in full blossom in summer, and hanging willow branches greened with new sprouts in spring.<\/p>\n","protected":false},"excerpt":{"rendered":"<p>Plum sumie Painting<\/p>\n<p>Original<\/p>\n<p>Picture size: <span class=\"VIiyi\" lang=\"en\"><span class=\"JLqJ4b ChMk0b\" data-language-for-alternatives=\"en\" data-language-to-translate-into=\"zh-CN\" data-phrase-index=\"0\" data-number-of-phrases=\"1\">approx.<\/span><\/span> 24 x 30 cm<br \/>\nTechnique: Ink painting<br \/>\nColor: colorful<br \/>\nHand-painted unique<br \/>\nArtist&#8217;s stamp and signature<br \/>\nHand painted original<br \/>\nUnikat direct from the artist\u00b4s Tailai Zhang<\/p>\n<p>Printed products<br \/>\nPaper type: Prints are printed on 200g \/ m2 white semi-gloss poster paper.<br \/>\nImage size: A5, A4, A3 &#8230;<br \/>\nTechnique: ink painting<br \/>\nColor: colorful<br \/>\nGift idea: children, ladies, gentlemen gift<br \/>\nInk painting, ink poster, ink drawing, ink painting, painting poster.<br \/>\nChinese japanese art, calligraphy style, chinese ink style japanese sumi-e style, Oriental ink artwork.<\/p>\n<p>Painting is not matted and unframed<br \/>\nPainting is signed and stamped.<br \/>\nPictures can be sent internationally.<br \/>\nPlease contact the shop if you have questions!<\/p>\n","protected":false},"featured_media":6453,"comment_status":"open","ping_status":"closed","template":"","meta":[],"product_brand":[],"product_cat":[82,536],"product_tag":[165,538,400,399,537],"class_list":{"0":"post-6446","1":"product","2":"type-product","3":"status-publish","4":"has-post-thumbnail","6":"product_cat-malerei","7":"product_cat-kalligrafie","8":"product_tag-ink","9":"product_tag-kalligrafie","10":"product_tag-wall-decoration","11":"product_tag-wanddekoration","12":"product_tag-537","14":"first","15":"instock","16":"taxable","17":"shipping-taxable","18":"purchasable","19":"product-type-simple"},"_links":{"self":[{"href":"https:\/\/www.teesign77.de\/teeladen\/wp-json\/wp\/v2\/product\/6446","targetHints":{"allow":["GET"]}}],"collection":[{"href":"https:\/\/www.teesign77.de\/teeladen\/wp-json\/wp\/v2\/product"}],"about":[{"href":"https:\/\/www.teesign77.de\/teeladen\/wp-json\/wp\/v2\/types\/product"}],"replies":[{"embeddable":true,"href":"https:\/\/www.teesign77.de\/teeladen\/wp-json\/wp\/v2\/comments?post=6446"}],"wp:featuredmedia":[{"embeddable":true,"href":"https:\/\/www.teesign77.de\/teeladen\/wp-json\/wp\/v2\/media\/6453"}],"wp:attachment":[{"href":"https:\/\/www.teesign77.de\/teeladen\/wp-json\/wp\/v2\/media?parent=6446"}],"wp:term":[{"taxonomy":"product_brand","embeddable":true,"href":"https:\/\/www.teesign77.de\/teeladen\/wp-json\/wp\/v2\/product_brand?post=6446"},{"taxonomy":"product_cat","embeddable":true,"href":"https:\/\/www.teesign77.de\/teeladen\/wp-json\/wp\/v2\/product_cat?post=6446"},{"taxonomy":"product_tag","embeddable":true,"href":"https:\/\/www.teesign77.de\/teeladen\/wp-json\/wp\/v2\/product_tag?post=6446"}],"curies":[{"name":"wp","href":"https:\/\/api.w.org\/{rel}","templated":true}]}}