{"id":6705,"date":"2022-09-20T15:17:59","date_gmt":"2022-09-20T13:17:59","guid":{"rendered":"https:\/\/www.teesign77.de\/teeladen\/?post_type=product&#038;p=6705"},"modified":"2022-09-20T15:27:52","modified_gmt":"2022-09-20T13:27:52","slug":"orchid-sumie-painting-p2","status":"publish","type":"product","link":"https:\/\/www.teesign77.de\/teeladen\/produkt\/orchid-sumie-painting-p2\/","title":{"rendered":"Orchidee japanische sumie painting chinesische Tusche Malerei Heim Haus B\u00fcro Deko Wand Kunst (printed))"},"content":{"rendered":"<p>Orchidee<\/p>\n<p>Bildgr\u00f6\u00dfe: A3<br \/>\nTechnik: Tuschemalerei<br \/>\nFarbe: Schwarz und Gr\u00fcn<br \/>\nPrinted<br \/>\nK\u00fcnstler Tailai Zhang<\/p>\n<p>Das Bild ist nicht verfilzt und ungerahmt<br \/>\nBilder k\u00f6nnen International versendet werden.<br \/>\nBitte kontaktieren Sie den Shop, wenn Sie irgendwelche Fragen haben!<\/p>\n<p>orchid\u00a0 chinese Japanese sumie ink painting office home Haus decor wall art<\/p>\n<p>Picture size: A3<br \/>\nTechnique: Ink painting<br \/>\nColor: black and green<br \/>\nPrinted<br \/>\nArtist Tailai Zhang<\/p>\n<p>Printed Painting is not matted and unframed<br \/>\nPictures can be sent internationally.<br \/>\nPlease contact the shop if you have questions!<\/p>\n<p>&nbsp;<\/p>\n","protected":false},"excerpt":{"rendered":"<p>Orchidee Bildgr\u00f6\u00dfe: A3 Technik: Tuschemalerei Farbe: Schwarz und Gr\u00fcn Printed K\u00fcnstler Tailai Zhang Das Bild ist nicht verfilzt und ungerahmt Bilder k\u00f6nnen International versendet werden. Bitte kontaktieren Sie den Shop, wenn Sie irgendwelche Fragen haben! orchid\u00a0 chinese Japanese sumie ink painting office home Haus decor wall art Picture size: A3 Technique: Ink painting Color: black [&hellip;]<\/p>\n","protected":false},"featured_media":6707,"comment_status":"open","ping_status":"closed","template":"","meta":[],"product_brand":[],"product_cat":[82,432,231],"product_tag":[95,182,92,197,198,323,84],"class_list":{"0":"post-6705","1":"product","2":"type-product","3":"status-publish","4":"has-post-thumbnail","6":"product_cat-malerei","7":"product_cat-print-tuschemalerei","8":"product_cat-4-edlen-herren","9":"product_tag-chinese-painting","10":"product_tag-chinesisch","11":"product_tag-malerei","12":"product_tag-orchid","13":"product_tag-orchidee","14":"product_tag-sumie-painting","15":"product_tag-tuschemalerei","17":"first","18":"instock","19":"purchasable","20":"product-type-simple"},"_links":{"self":[{"href":"https:\/\/www.teesign77.de\/teeladen\/wp-json\/wp\/v2\/product\/6705","targetHints":{"allow":["GET"]}}],"collection":[{"href":"https:\/\/www.teesign77.de\/teeladen\/wp-json\/wp\/v2\/product"}],"about":[{"href":"https:\/\/www.teesign77.de\/teeladen\/wp-json\/wp\/v2\/types\/product"}],"replies":[{"embeddable":true,"href":"https:\/\/www.teesign77.de\/teeladen\/wp-json\/wp\/v2\/comments?post=6705"}],"wp:featuredmedia":[{"embeddable":true,"href":"https:\/\/www.teesign77.de\/teeladen\/wp-json\/wp\/v2\/media\/6707"}],"wp:attachment":[{"href":"https:\/\/www.teesign77.de\/teeladen\/wp-json\/wp\/v2\/media?parent=6705"}],"wp:term":[{"taxonomy":"product_brand","embeddable":true,"href":"https:\/\/www.teesign77.de\/teeladen\/wp-json\/wp\/v2\/product_brand?post=6705"},{"taxonomy":"product_cat","embeddable":true,"href":"https:\/\/www.teesign77.de\/teeladen\/wp-json\/wp\/v2\/product_cat?post=6705"},{"taxonomy":"product_tag","embeddable":true,"href":"https:\/\/www.teesign77.de\/teeladen\/wp-json\/wp\/v2\/product_tag?post=6705"}],"curies":[{"name":"wp","href":"https:\/\/api.w.org\/{rel}","templated":true}]}}