{"id":88,"date":"2018-09-10T13:34:30","date_gmt":"2018-09-10T11:34:30","guid":{"rendered":"http:\/\/teesign77.de\/teeladen\/?post_type=product&#038;p=88"},"modified":"2026-02-08T11:52:49","modified_gmt":"2026-02-08T10:52:49","slug":"gruentee-wind-mond","status":"publish","type":"product","link":"https:\/\/www.teesign77.de\/teeladen\/produkt\/gruentee-wind-mond\/","title":{"rendered":"Wind &#038; Mond Gr\u00fcner Tee 50 g -100 g"},"content":{"rendered":"<div style=\"color: #992200;\">\n<p>Wind &amp; Mond<\/p>\n<p>&nbsp;<\/p>\n<p>Gro\u00dfes, offenes und handgearbeitetes, silbrig-gr\u00fcnes Blatt. Erfrischend zart und nat\u00fcrlich bei gr\u00fcner Tasse.<\/p>\n<p>&nbsp;<\/p>\n<p><a href=\"http:\/\/teesign77.de\/teesorten.php\">Teesorte: Gr\u00fcner Tee<\/a><\/p>\n<p><a href=\"http:\/\/teesign77.de\/tee-plantagen.php\">Herkunft: China Region Yunnan<\/a><\/p>\n<p>Zubereitung: Gie\u00dfen Sie 1-2 geh\u00e4ufte Teel\u00f6ffel mit ca.250 ml 80-85\u00b0C hei\u00dfem Wasser auf und lassen Sie den Tee 3-5 min. ziehen.<\/p>\n<p>&nbsp;<\/p>\n<\/div>\n<p>&nbsp;<\/p>\n","protected":false},"excerpt":{"rendered":"<p>Wind &amp; Mond &nbsp; Gro\u00dfes, offenes und handgearbeitetes, silbrig-gr\u00fcnes Blatt. Erfrischend zart und nat\u00fcrlich bei gr\u00fcner Tasse. &nbsp; Teesorte: Gr\u00fcner Tee Herkunft: China Region Yunnan Zubereitung: Gie\u00dfen Sie 1-2 geh\u00e4ufte Teel\u00f6ffel mit ca.250 ml 80-85\u00b0C hei\u00dfem Wasser auf und lassen Sie den Tee 3-5 min. ziehen. &nbsp; &nbsp;<\/p>\n","protected":false},"featured_media":6236,"comment_status":"open","ping_status":"closed","template":"","meta":[],"product_brand":[],"product_cat":[32],"product_tag":[59,56,394,499],"class_list":{"0":"post-88","1":"product","2":"type-product","3":"status-publish","4":"has-post-thumbnail","6":"product_cat-gruen-tee","7":"product_tag-green-tea","8":"product_tag-gruener-tee","9":"product_tag-gruentee","10":"product_tag-wind-mond","11":"product_shipping_class-teezubehoer","13":"first","14":"instock","15":"taxable","16":"shipping-taxable","17":"purchasable","18":"product-type-variable","19":"has-default-attributes"},"_links":{"self":[{"href":"https:\/\/www.teesign77.de\/teeladen\/wp-json\/wp\/v2\/product\/88","targetHints":{"allow":["GET"]}}],"collection":[{"href":"https:\/\/www.teesign77.de\/teeladen\/wp-json\/wp\/v2\/product"}],"about":[{"href":"https:\/\/www.teesign77.de\/teeladen\/wp-json\/wp\/v2\/types\/product"}],"replies":[{"embeddable":true,"href":"https:\/\/www.teesign77.de\/teeladen\/wp-json\/wp\/v2\/comments?post=88"}],"wp:featuredmedia":[{"embeddable":true,"href":"https:\/\/www.teesign77.de\/teeladen\/wp-json\/wp\/v2\/media\/6236"}],"wp:attachment":[{"href":"https:\/\/www.teesign77.de\/teeladen\/wp-json\/wp\/v2\/media?parent=88"}],"wp:term":[{"taxonomy":"product_brand","embeddable":true,"href":"https:\/\/www.teesign77.de\/teeladen\/wp-json\/wp\/v2\/product_brand?post=88"},{"taxonomy":"product_cat","embeddable":true,"href":"https:\/\/www.teesign77.de\/teeladen\/wp-json\/wp\/v2\/product_cat?post=88"},{"taxonomy":"product_tag","embeddable":true,"href":"https:\/\/www.teesign77.de\/teeladen\/wp-json\/wp\/v2\/product_tag?post=88"}],"curies":[{"name":"wp","href":"https:\/\/api.w.org\/{rel}","templated":true}]}}