{"id":94,"date":"2018-09-04T17:46:49","date_gmt":"2018-09-04T15:46:49","guid":{"rendered":"http:\/\/teesign77.de\/teeladen\/?post_type=product&#038;p=94"},"modified":"2021-03-04T20:10:35","modified_gmt":"2021-03-04T19:10:35","slug":"tee-geback-1","status":"publish","type":"product","link":"https:\/\/www.teesign77.de\/teeladen\/produkt\/tee-geback-1\/","title":{"rendered":"Gong Fu Gr\u00fcner Tee 50 g, 100 g, 500 g, 1 kg"},"content":{"rendered":"<div style=\"color: #992200;\">\n<h1>Gong Fu Gr\u00fcntee<\/h1>\n<p>Ein Tee der Spitzenklasse, gewachsen in der unber\u00fchrten Natur von Yunnan. Mit angenehm herber Grundnote und typisch fruchtigem Abgang.<\/p>\n<p>Teesorte: gr\u00fcner Tee<\/p>\n<p>Herkunft: China Region Yunnan<\/p>\n<p>Zubereitung: Gie\u00dfen Sie 1-2 geh\u00e4ufte Teel\u00f6ffel (2-3 g) mit ca.250 ml 80\u00b0C hei\u00dfem Wasser auf und lassen Sie den Tee 3-5 min. ziehen.<\/p>\n<p>Lagerung: Fest verschlossen, k\u00fchl, dunkel und troken lagern Mindestens haltbar bis 31.07.2022<\/p>\n<p>Dianhong Gr\u00fcntee ist einer der bekanntesten Tees in China, aber au\u00dferhalb ist er noch weitgehend unbekannt. Dieser Tee ist nicht nur eine Wohltat f\u00fcr die Augen. Yunnan Dian Hong Teebl\u00e4tter wachsen in \u00fcber 1000 m H\u00f6he und in den kalten Temperaturen der Berge wachsen die Bl\u00e4tter langsamer und bekommen einen einzigartig intensiven Geschmack. Versinken und entdecken sie einen gelbgoldenen Aufguss von unsch\u00e4tzbarem Wert.<\/p>\n<\/div>\n<p>&nbsp;<\/p>\n<p>&nbsp;<\/p>\n","protected":false},"excerpt":{"rendered":"<p>Gong Fu Gr\u00fcntee Ein Tee der Spitzenklasse, gewachsen in der unber\u00fchrten Natur von Yunnan. Mit angenehm herber Grundnote und typisch fruchtigem Abgang. Teesorte: gr\u00fcner Tee Herkunft: China Region Yunnan Zubereitung: Gie\u00dfen Sie 1-2 geh\u00e4ufte Teel\u00f6ffel (2-3 g) mit ca.250 ml 80\u00b0C hei\u00dfem Wasser auf und lassen Sie den Tee 3-5 min. ziehen. Lagerung: Fest verschlossen, [&hellip;]<\/p>\n","protected":false},"featured_media":769,"comment_status":"open","ping_status":"closed","template":"","meta":[],"product_brand":[],"product_cat":[32],"product_tag":[60,59,56,61],"class_list":{"0":"post-94","1":"product","2":"type-product","3":"status-publish","4":"has-post-thumbnail","6":"product_cat-gruen-tee","7":"product_tag-gebackener-gruener-superklasse","8":"product_tag-green-tea","9":"product_tag-gruener-tee","10":"product_tag-sencha","11":"product_shipping_class-teezubehoer","13":"first","14":"instock","15":"taxable","16":"shipping-taxable","17":"purchasable","18":"product-type-variable"},"_links":{"self":[{"href":"https:\/\/www.teesign77.de\/teeladen\/wp-json\/wp\/v2\/product\/94","targetHints":{"allow":["GET"]}}],"collection":[{"href":"https:\/\/www.teesign77.de\/teeladen\/wp-json\/wp\/v2\/product"}],"about":[{"href":"https:\/\/www.teesign77.de\/teeladen\/wp-json\/wp\/v2\/types\/product"}],"replies":[{"embeddable":true,"href":"https:\/\/www.teesign77.de\/teeladen\/wp-json\/wp\/v2\/comments?post=94"}],"wp:featuredmedia":[{"embeddable":true,"href":"https:\/\/www.teesign77.de\/teeladen\/wp-json\/wp\/v2\/media\/769"}],"wp:attachment":[{"href":"https:\/\/www.teesign77.de\/teeladen\/wp-json\/wp\/v2\/media?parent=94"}],"wp:term":[{"taxonomy":"product_brand","embeddable":true,"href":"https:\/\/www.teesign77.de\/teeladen\/wp-json\/wp\/v2\/product_brand?post=94"},{"taxonomy":"product_cat","embeddable":true,"href":"https:\/\/www.teesign77.de\/teeladen\/wp-json\/wp\/v2\/product_cat?post=94"},{"taxonomy":"product_tag","embeddable":true,"href":"https:\/\/www.teesign77.de\/teeladen\/wp-json\/wp\/v2\/product_tag?post=94"}],"curies":[{"name":"wp","href":"https:\/\/api.w.org\/{rel}","templated":true}]}}